{"id":61,"date":"2025-02-24T17:38:25","date_gmt":"2025-02-24T15:38:25","guid":{"rendered":"https:\/\/magiaflorilor.ro\/?page_id=61"},"modified":"2026-03-31T09:53:45","modified_gmt":"2026-03-31T06:53:45","slug":"program","status":"publish","type":"page","link":"https:\/\/magiaflorilor.ro\/hu\/program\/","title":{"rendered":"Program"},"content":{"rendered":"<div data-elementor-type=\"wp-page\" data-elementor-id=\"61\" class=\"elementor elementor-61\" data-elementor-post-type=\"page\">\n\t\t\t\t<div class=\"elementor-element elementor-element-9103ceb e-con-full e-flex e-con e-parent\" data-id=\"9103ceb\" data-element_type=\"container\" data-settings=\"{&quot;background_background&quot;:&quot;classic&quot;}\">\n\t\t\t\t<div class=\"elementor-element elementor-element-6e55180 elementor-widget elementor-widget-heading\" data-id=\"6e55180\" data-element_type=\"widget\" data-widget_type=\"heading.default\">\n\t\t\t\t<div class=\"elementor-widget-container\">\n\t\t\t\t\t<h1 class=\"elementor-heading-title elementor-size-default\">Program<\/h1>\t\t\t\t<\/div>\n\t\t\t\t<\/div>\n\t\t\t\t<\/div>\n\t\t<div class=\"elementor-element elementor-element-d259a36 e-grid elementor-hidden-desktop elementor-hidden-laptop elementor-hidden-tablet elementor-hidden-mobile e-con-boxed e-con e-parent\" data-id=\"d259a36\" data-element_type=\"container\">\n\t\t\t\t\t<div class=\"e-con-inner\">\n\t\t\t\t<div class=\"elementor-element elementor-element-74caaec elementor-widget elementor-widget-image\" data-id=\"74caaec\" data-element_type=\"widget\" data-widget_type=\"image.default\">\n\t\t\t\t<div class=\"elementor-widget-container\">\n\t\t\t\t\t\t\t\t\t\t\t\t\t\t\t<img fetchpriority=\"high\" decoding=\"async\" width=\"1134\" height=\"976\" src=\"https:\/\/magiaflorilor.ro\/wp-content\/uploads\/2025\/09\/pentek-web_updated.png\" class=\"attachment-full size-full wp-image-2112\" alt=\"\" srcset=\"https:\/\/magiaflorilor.ro\/wp-content\/uploads\/2025\/09\/pentek-web_updated.png 1134w, https:\/\/magiaflorilor.ro\/wp-content\/uploads\/2025\/09\/pentek-web_updated-300x258.png 300w, https:\/\/magiaflorilor.ro\/wp-content\/uploads\/2025\/09\/pentek-web_updated-1024x881.png 1024w, https:\/\/magiaflorilor.ro\/wp-content\/uploads\/2025\/09\/pentek-web_updated-768x661.png 768w, https:\/\/magiaflorilor.ro\/wp-content\/uploads\/2025\/09\/pentek-web_updated-14x12.png 14w\" sizes=\"(max-width: 1134px) 100vw, 1134px\" \/>\t\t\t\t\t\t\t\t\t\t\t\t\t\t\t<\/div>\n\t\t\t\t<\/div>\n\t\t\t\t<div class=\"elementor-element elementor-element-7446e51 elementor-widget elementor-widget-image\" data-id=\"7446e51\" data-element_type=\"widget\" data-widget_type=\"image.default\">\n\t\t\t\t<div class=\"elementor-widget-container\">\n\t\t\t\t\t\t\t\t\t\t\t\t\t\t\t<img decoding=\"async\" width=\"909\" height=\"2560\" src=\"https:\/\/magiaflorilor.ro\/wp-content\/uploads\/2025\/09\/szombat-web_updated-scaled.png\" class=\"attachment-full size-full wp-image-2113\" alt=\"\" srcset=\"https:\/\/magiaflorilor.ro\/wp-content\/uploads\/2025\/09\/szombat-web_updated-scaled.png 909w, https:\/\/magiaflorilor.ro\/wp-content\/uploads\/2025\/09\/szombat-web_updated-107x300.png 107w, https:\/\/magiaflorilor.ro\/wp-content\/uploads\/2025\/09\/szombat-web_updated-364x1024.png 364w, https:\/\/magiaflorilor.ro\/wp-content\/uploads\/2025\/09\/szombat-web_updated-768x2163.png 768w, https:\/\/magiaflorilor.ro\/wp-content\/uploads\/2025\/09\/szombat-web_updated-545x1536.png 545w, https:\/\/magiaflorilor.ro\/wp-content\/uploads\/2025\/09\/szombat-web_updated-727x2048.png 727w, https:\/\/magiaflorilor.ro\/wp-content\/uploads\/2025\/09\/szombat-web_updated-4x12.png 4w\" sizes=\"(max-width: 909px) 100vw, 909px\" \/>\t\t\t\t\t\t\t\t\t\t\t\t\t\t\t<\/div>\n\t\t\t\t<\/div>\n\t\t\t\t<div class=\"elementor-element elementor-element-0019160 elementor-widget elementor-widget-image\" data-id=\"0019160\" data-element_type=\"widget\" data-widget_type=\"image.default\">\n\t\t\t\t<div class=\"elementor-widget-container\">\n\t\t\t\t\t\t\t\t\t\t\t\t\t\t\t<img decoding=\"async\" width=\"1135\" height=\"2391\" src=\"https:\/\/magiaflorilor.ro\/wp-content\/uploads\/2025\/09\/vasarnap-web_updated.png\" class=\"attachment-full size-full wp-image-2114\" alt=\"\" srcset=\"https:\/\/magiaflorilor.ro\/wp-content\/uploads\/2025\/09\/vasarnap-web_updated.png 1135w, https:\/\/magiaflorilor.ro\/wp-content\/uploads\/2025\/09\/vasarnap-web_updated-142x300.png 142w, https:\/\/magiaflorilor.ro\/wp-content\/uploads\/2025\/09\/vasarnap-web_updated-486x1024.png 486w, https:\/\/magiaflorilor.ro\/wp-content\/uploads\/2025\/09\/vasarnap-web_updated-768x1618.png 768w, https:\/\/magiaflorilor.ro\/wp-content\/uploads\/2025\/09\/vasarnap-web_updated-729x1536.png 729w, https:\/\/magiaflorilor.ro\/wp-content\/uploads\/2025\/09\/vasarnap-web_updated-972x2048.png 972w, https:\/\/magiaflorilor.ro\/wp-content\/uploads\/2025\/09\/vasarnap-web_updated-6x12.png 6w\" sizes=\"(max-width: 1135px) 100vw, 1135px\" \/>\t\t\t\t\t\t\t\t\t\t\t\t\t\t\t<\/div>\n\t\t\t\t<\/div>\n\t\t\t\t\t<\/div>\n\t\t\t\t<\/div>\n\t\t<div class=\"elementor-element elementor-element-4684ad3 e-grid elementor-hidden-desktop elementor-hidden-laptop elementor-hidden-tablet elementor-hidden-mobile e-con-boxed e-con e-parent\" data-id=\"4684ad3\" data-element_type=\"container\">\n\t\t\t\t\t<div class=\"e-con-inner\">\n\t\t\t\t<div class=\"elementor-element elementor-element-8c2e74e elementor-widget__width-initial elementor-absolute elementor-hidden-tablet elementor-hidden-mobile elementor-hidden-laptop elementor-widget elementor-widget-image\" data-id=\"8c2e74e\" data-element_type=\"widget\" data-settings=\"{&quot;_position&quot;:&quot;absolute&quot;,&quot;motion_fx_motion_fx_scrolling&quot;:&quot;yes&quot;,&quot;motion_fx_translateY_effect&quot;:&quot;yes&quot;,&quot;motion_fx_translateY_speed&quot;:{&quot;unit&quot;:&quot;px&quot;,&quot;size&quot;:2,&quot;sizes&quot;:[]},&quot;motion_fx_translateY_affectedRange&quot;:{&quot;unit&quot;:&quot;%&quot;,&quot;size&quot;:&quot;&quot;,&quot;sizes&quot;:{&quot;start&quot;:37,&quot;end&quot;:66}},&quot;motion_fx_devices&quot;:[&quot;desktop&quot;,&quot;laptop&quot;,&quot;tablet&quot;,&quot;mobile&quot;]}\" data-widget_type=\"image.default\">\n\t\t\t\t<div class=\"elementor-widget-container\">\n\t\t\t\t\t\t\t\t\t\t\t\t\t\t\t<img loading=\"lazy\" decoding=\"async\" width=\"260\" height=\"437\" src=\"https:\/\/magiaflorilor.ro\/wp-content\/uploads\/2025\/02\/virag_absolute.png\" class=\"attachment-full size-full wp-image-517\" alt=\"\" srcset=\"https:\/\/magiaflorilor.ro\/wp-content\/uploads\/2025\/02\/virag_absolute.png 260w, https:\/\/magiaflorilor.ro\/wp-content\/uploads\/2025\/02\/virag_absolute-178x300.png 178w\" sizes=\"(max-width: 260px) 100vw, 260px\" \/>\t\t\t\t\t\t\t\t\t\t\t\t\t\t\t<\/div>\n\t\t\t\t<\/div>\n\t\t\t\t<div class=\"elementor-element elementor-element-85ca0fa elementor-widget__width-initial elementor-absolute elementor-hidden-tablet elementor-hidden-mobile elementor-hidden-laptop elementor-widget elementor-widget-image\" data-id=\"85ca0fa\" data-element_type=\"widget\" data-settings=\"{&quot;_position&quot;:&quot;absolute&quot;,&quot;motion_fx_motion_fx_scrolling&quot;:&quot;yes&quot;,&quot;motion_fx_translateY_effect&quot;:&quot;yes&quot;,&quot;motion_fx_translateY_speed&quot;:{&quot;unit&quot;:&quot;px&quot;,&quot;size&quot;:2.6,&quot;sizes&quot;:[]},&quot;motion_fx_translateY_affectedRange&quot;:{&quot;unit&quot;:&quot;%&quot;,&quot;size&quot;:&quot;&quot;,&quot;sizes&quot;:{&quot;start&quot;:34,&quot;end&quot;:70}},&quot;motion_fx_devices&quot;:[&quot;desktop&quot;,&quot;laptop&quot;,&quot;tablet&quot;,&quot;mobile&quot;]}\" data-widget_type=\"image.default\">\n\t\t\t\t<div class=\"elementor-widget-container\">\n\t\t\t\t\t\t\t\t\t\t\t\t\t\t\t<img loading=\"lazy\" decoding=\"async\" width=\"298\" height=\"330\" src=\"https:\/\/magiaflorilor.ro\/wp-content\/uploads\/2025\/02\/virag_home2.png\" class=\"attachment-full size-full wp-image-499\" alt=\"\" srcset=\"https:\/\/magiaflorilor.ro\/wp-content\/uploads\/2025\/02\/virag_home2.png 298w, https:\/\/magiaflorilor.ro\/wp-content\/uploads\/2025\/02\/virag_home2-271x300.png 271w\" sizes=\"(max-width: 298px) 100vw, 298px\" \/>\t\t\t\t\t\t\t\t\t\t\t\t\t\t\t<\/div>\n\t\t\t\t<\/div>\n\t\t\t\t<div class=\"elementor-element elementor-element-d647c89 elementor-position-top elementor-widget elementor-widget-image-box\" data-id=\"d647c89\" data-element_type=\"widget\" data-widget_type=\"image-box.default\">\n\t\t\t\t<div class=\"elementor-widget-container\">\n\t\t\t\t\t<div class=\"elementor-image-box-wrapper\"><figure class=\"elementor-image-box-img\"><img loading=\"lazy\" decoding=\"async\" width=\"800\" height=\"450\" src=\"https:\/\/magiaflorilor.ro\/wp-content\/uploads\/2025\/09\/agardi-szilvia.webp\" class=\"attachment-full size-full wp-image-2082\" alt=\"\" srcset=\"https:\/\/magiaflorilor.ro\/wp-content\/uploads\/2025\/09\/agardi-szilvia.webp 800w, https:\/\/magiaflorilor.ro\/wp-content\/uploads\/2025\/09\/agardi-szilvia-300x169.webp 300w, https:\/\/magiaflorilor.ro\/wp-content\/uploads\/2025\/09\/agardi-szilvia-768x432.webp 768w, https:\/\/magiaflorilor.ro\/wp-content\/uploads\/2025\/09\/agardi-szilvia-18x10.webp 18w\" sizes=\"(max-width: 800px) 100vw, 800px\" \/><\/figure><div class=\"elementor-image-box-content\"><h3 class=\"elementor-image-box-title\">Ag\u00e1rdi Szilvia<\/h3><\/div><\/div>\t\t\t\t<\/div>\n\t\t\t\t<\/div>\n\t\t\t\t<div class=\"elementor-element elementor-element-63f081b elementor-position-top elementor-widget elementor-widget-image-box\" data-id=\"63f081b\" data-element_type=\"widget\" data-widget_type=\"image-box.default\">\n\t\t\t\t<div class=\"elementor-widget-container\">\n\t\t\t\t\t<div class=\"elementor-image-box-wrapper\"><figure class=\"elementor-image-box-img\"><img loading=\"lazy\" decoding=\"async\" width=\"800\" height=\"800\" src=\"https:\/\/magiaflorilor.ro\/wp-content\/uploads\/2025\/09\/Nagy-Maria.webp\" class=\"attachment-full size-full wp-image-2083\" alt=\"\" srcset=\"https:\/\/magiaflorilor.ro\/wp-content\/uploads\/2025\/09\/Nagy-Maria.webp 800w, https:\/\/magiaflorilor.ro\/wp-content\/uploads\/2025\/09\/Nagy-Maria-300x300.webp 300w, https:\/\/magiaflorilor.ro\/wp-content\/uploads\/2025\/09\/Nagy-Maria-150x150.webp 150w, https:\/\/magiaflorilor.ro\/wp-content\/uploads\/2025\/09\/Nagy-Maria-768x768.webp 768w, https:\/\/magiaflorilor.ro\/wp-content\/uploads\/2025\/09\/Nagy-Maria-12x12.webp 12w\" sizes=\"(max-width: 800px) 100vw, 800px\" \/><\/figure><div class=\"elementor-image-box-content\"><h3 class=\"elementor-image-box-title\">Nagy M\u00e1ria<\/h3><\/div><\/div>\t\t\t\t<\/div>\n\t\t\t\t<\/div>\n\t\t\t\t<div class=\"elementor-element elementor-element-e655dc3 elementor-position-top elementor-widget elementor-widget-image-box\" data-id=\"e655dc3\" data-element_type=\"widget\" data-widget_type=\"image-box.default\">\n\t\t\t\t<div class=\"elementor-widget-container\">\n\t\t\t\t\t<div class=\"elementor-image-box-wrapper\"><figure class=\"elementor-image-box-img\"><img loading=\"lazy\" decoding=\"async\" width=\"786\" height=\"800\" src=\"https:\/\/magiaflorilor.ro\/wp-content\/uploads\/2025\/09\/mircea-rusu.webp\" class=\"attachment-full size-full wp-image-2084\" alt=\"\" srcset=\"https:\/\/magiaflorilor.ro\/wp-content\/uploads\/2025\/09\/mircea-rusu.webp 786w, https:\/\/magiaflorilor.ro\/wp-content\/uploads\/2025\/09\/mircea-rusu-295x300.webp 295w, https:\/\/magiaflorilor.ro\/wp-content\/uploads\/2025\/09\/mircea-rusu-768x782.webp 768w, https:\/\/magiaflorilor.ro\/wp-content\/uploads\/2025\/09\/mircea-rusu-12x12.webp 12w\" sizes=\"(max-width: 786px) 100vw, 786px\" \/><\/figure><div class=\"elementor-image-box-content\"><h3 class=\"elementor-image-box-title\">Mircea Rusu<\/h3><\/div><\/div>\t\t\t\t<\/div>\n\t\t\t\t<\/div>\n\t\t\t\t<div class=\"elementor-element elementor-element-1ab6632 elementor-position-top elementor-widget elementor-widget-image-box\" data-id=\"1ab6632\" data-element_type=\"widget\" data-widget_type=\"image-box.default\">\n\t\t\t\t<div class=\"elementor-widget-container\">\n\t\t\t\t\t<div class=\"elementor-image-box-wrapper\"><figure class=\"elementor-image-box-img\"><img loading=\"lazy\" decoding=\"async\" width=\"800\" height=\"420\" src=\"https:\/\/magiaflorilor.ro\/wp-content\/uploads\/2025\/09\/dinu-olarasu.webp\" class=\"attachment-full size-full wp-image-2085\" alt=\"\" srcset=\"https:\/\/magiaflorilor.ro\/wp-content\/uploads\/2025\/09\/dinu-olarasu.webp 800w, https:\/\/magiaflorilor.ro\/wp-content\/uploads\/2025\/09\/dinu-olarasu-300x158.webp 300w, https:\/\/magiaflorilor.ro\/wp-content\/uploads\/2025\/09\/dinu-olarasu-768x403.webp 768w, https:\/\/magiaflorilor.ro\/wp-content\/uploads\/2025\/09\/dinu-olarasu-18x9.webp 18w\" sizes=\"(max-width: 800px) 100vw, 800px\" \/><\/figure><div class=\"elementor-image-box-content\"><h3 class=\"elementor-image-box-title\">Dinu Ol\u0103ra\u0219u<\/h3><\/div><\/div>\t\t\t\t<\/div>\n\t\t\t\t<\/div>\n\t\t\t\t<div class=\"elementor-element elementor-element-9ec56b4 elementor-position-top elementor-widget elementor-widget-image-box\" data-id=\"9ec56b4\" data-element_type=\"widget\" data-widget_type=\"image-box.default\">\n\t\t\t\t<div class=\"elementor-widget-container\">\n\t\t\t\t\t<div class=\"elementor-image-box-wrapper\"><figure class=\"elementor-image-box-img\"><img loading=\"lazy\" decoding=\"async\" width=\"640\" height=\"336\" src=\"https:\/\/magiaflorilor.ro\/wp-content\/uploads\/2025\/09\/melamour.png\" class=\"attachment-full size-full wp-image-2087\" alt=\"\" srcset=\"https:\/\/magiaflorilor.ro\/wp-content\/uploads\/2025\/09\/melamour.png 640w, https:\/\/magiaflorilor.ro\/wp-content\/uploads\/2025\/09\/melamour-300x158.png 300w, https:\/\/magiaflorilor.ro\/wp-content\/uploads\/2025\/09\/melamour-18x9.png 18w\" sizes=\"(max-width: 640px) 100vw, 640px\" \/><\/figure><div class=\"elementor-image-box-content\"><h3 class=\"elementor-image-box-title\">Mel'amour<\/h3><\/div><\/div>\t\t\t\t<\/div>\n\t\t\t\t<\/div>\n\t\t\t\t<div class=\"elementor-element elementor-element-96ff989 elementor-position-top elementor-widget elementor-widget-image-box\" data-id=\"96ff989\" data-element_type=\"widget\" data-widget_type=\"image-box.default\">\n\t\t\t\t<div class=\"elementor-widget-container\">\n\t\t\t\t\t<div class=\"elementor-image-box-wrapper\"><figure class=\"elementor-image-box-img\"><img loading=\"lazy\" decoding=\"async\" width=\"800\" height=\"800\" src=\"https:\/\/magiaflorilor.ro\/wp-content\/uploads\/2025\/09\/dreamflow.webp\" class=\"attachment-full size-full wp-image-2088\" alt=\"\" srcset=\"https:\/\/magiaflorilor.ro\/wp-content\/uploads\/2025\/09\/dreamflow.webp 800w, https:\/\/magiaflorilor.ro\/wp-content\/uploads\/2025\/09\/dreamflow-300x300.webp 300w, https:\/\/magiaflorilor.ro\/wp-content\/uploads\/2025\/09\/dreamflow-150x150.webp 150w, https:\/\/magiaflorilor.ro\/wp-content\/uploads\/2025\/09\/dreamflow-768x768.webp 768w, https:\/\/magiaflorilor.ro\/wp-content\/uploads\/2025\/09\/dreamflow-12x12.webp 12w\" sizes=\"(max-width: 800px) 100vw, 800px\" \/><\/figure><div class=\"elementor-image-box-content\"><h3 class=\"elementor-image-box-title\">Dreamflow<\/h3><\/div><\/div>\t\t\t\t<\/div>\n\t\t\t\t<\/div>\n\t\t\t\t<div class=\"elementor-element elementor-element-66777ca elementor-position-top elementor-widget elementor-widget-image-box\" data-id=\"66777ca\" data-element_type=\"widget\" data-widget_type=\"image-box.default\">\n\t\t\t\t<div class=\"elementor-widget-container\">\n\t\t\t\t\t<div class=\"elementor-image-box-wrapper\"><figure class=\"elementor-image-box-img\"><img loading=\"lazy\" decoding=\"async\" width=\"517\" height=\"564\" src=\"https:\/\/magiaflorilor.ro\/wp-content\/uploads\/2025\/09\/retromagyarock.png\" class=\"attachment-full size-full wp-image-2094\" alt=\"\" srcset=\"https:\/\/magiaflorilor.ro\/wp-content\/uploads\/2025\/09\/retromagyarock.png 517w, https:\/\/magiaflorilor.ro\/wp-content\/uploads\/2025\/09\/retromagyarock-275x300.png 275w, https:\/\/magiaflorilor.ro\/wp-content\/uploads\/2025\/09\/retromagyarock-11x12.png 11w\" sizes=\"(max-width: 517px) 100vw, 517px\" \/><\/figure><div class=\"elementor-image-box-content\"><h3 class=\"elementor-image-box-title\">Retro Magyarock<\/h3><\/div><\/div>\t\t\t\t<\/div>\n\t\t\t\t<\/div>\n\t\t\t\t<div class=\"elementor-element elementor-element-0a32ec6 elementor-widget__width-initial elementor-absolute elementor-hidden-tablet elementor-hidden-mobile elementor-hidden-laptop elementor-widget elementor-widget-image\" data-id=\"0a32ec6\" data-element_type=\"widget\" data-settings=\"{&quot;_position&quot;:&quot;absolute&quot;,&quot;motion_fx_motion_fx_scrolling&quot;:&quot;yes&quot;,&quot;motion_fx_translateY_effect&quot;:&quot;yes&quot;,&quot;motion_fx_translateY_speed&quot;:{&quot;unit&quot;:&quot;px&quot;,&quot;size&quot;:2.5,&quot;sizes&quot;:[]},&quot;motion_fx_translateY_affectedRange&quot;:{&quot;unit&quot;:&quot;%&quot;,&quot;size&quot;:&quot;&quot;,&quot;sizes&quot;:{&quot;start&quot;:36,&quot;end&quot;:67}},&quot;motion_fx_devices&quot;:[&quot;desktop&quot;,&quot;laptop&quot;,&quot;tablet&quot;,&quot;mobile&quot;]}\" data-widget_type=\"image.default\">\n\t\t\t\t<div class=\"elementor-widget-container\">\n\t\t\t\t\t\t\t\t\t\t\t\t\t\t\t<img loading=\"lazy\" decoding=\"async\" width=\"381\" height=\"459\" src=\"https:\/\/magiaflorilor.ro\/wp-content\/uploads\/2025\/02\/virag_home3.png\" class=\"attachment-large size-large wp-image-503\" alt=\"\" srcset=\"https:\/\/magiaflorilor.ro\/wp-content\/uploads\/2025\/02\/virag_home3.png 381w, https:\/\/magiaflorilor.ro\/wp-content\/uploads\/2025\/02\/virag_home3-249x300.png 249w\" sizes=\"(max-width: 381px) 100vw, 381px\" \/>\t\t\t\t\t\t\t\t\t\t\t\t\t\t\t<\/div>\n\t\t\t\t<\/div>\n\t\t\t\t\t<\/div>\n\t\t\t\t<\/div>\n\t\t<div class=\"elementor-element elementor-element-c794d8d e-flex e-con-boxed e-con e-parent\" data-id=\"c794d8d\" data-element_type=\"container\">\n\t\t\t\t\t<div class=\"e-con-inner\">\n\t\t\t\t<div class=\"elementor-element elementor-element-9da8bb1 elementor-hidden-desktop elementor-hidden-laptop elementor-hidden-tablet elementor-hidden-mobile elementor-widget elementor-widget-text-editor\" data-id=\"9da8bb1\" data-element_type=\"widget\" data-widget_type=\"text-editor.default\">\n\t\t\t\t<div class=\"elementor-widget-container\">\n\t\t\t\t\t\t\t\t\t<p>A programv\u00e1ltoz\u00e1s jog\u00e1t fenntartjuk<\/p>\t\t\t\t\t\t\t\t<\/div>\n\t\t\t\t<\/div>\n\t\t\t\t<div class=\"elementor-element elementor-element-376b208 elementor-widget elementor-widget-text-editor\" data-id=\"376b208\" data-element_type=\"widget\" data-widget_type=\"text-editor.default\">\n\t\t\t\t<div class=\"elementor-widget-container\">\n\t\t\t\t\t\t\t\t\t<p>\u00cen cur\u00e2nd&#8230;<\/p>\t\t\t\t\t\t\t\t<\/div>\n\t\t\t\t<\/div>\n\t\t\t\t<div class=\"elementor-element elementor-element-0c7284f elementor-align-justify elementor-widget elementor-widget-button\" data-id=\"0c7284f\" data-element_type=\"widget\" data-widget_type=\"button.default\">\n\t\t\t\t<div class=\"elementor-widget-container\">\n\t\t\t\t\t\t\t\t\t<div class=\"elementor-button-wrapper\">\n\t\t\t\t\t<a class=\"elementor-button elementor-button-link elementor-size-sm\" href=\"\/hu\/program-2025\/\">\n\t\t\t\t\t\t<span class=\"elementor-button-content-wrapper\">\n\t\t\t\t\t\t\t\t\t<span class=\"elementor-button-text\">PROGRAM 2025<\/span>\n\t\t\t\t\t<\/span>\n\t\t\t\t\t<\/a>\n\t\t\t\t<\/div>\n\t\t\t\t\t\t\t\t<\/div>\n\t\t\t\t<\/div>\n\t\t\t\t<div class=\"elementor-element elementor-element-bce4601 elementor-align-justify elementor-widget elementor-widget-button\" data-id=\"bce4601\" data-element_type=\"widget\" data-widget_type=\"button.default\">\n\t\t\t\t<div class=\"elementor-widget-container\">\n\t\t\t\t\t\t\t\t\t<div class=\"elementor-button-wrapper\">\n\t\t\t\t\t<a class=\"elementor-button elementor-button-link elementor-size-sm\" href=\"\/hu\/program-2024\/\">\n\t\t\t\t\t\t<span class=\"elementor-button-content-wrapper\">\n\t\t\t\t\t\t\t\t\t<span class=\"elementor-button-text\">PROGRAM 2024<\/span>\n\t\t\t\t\t<\/span>\n\t\t\t\t\t<\/a>\n\t\t\t\t<\/div>\n\t\t\t\t\t\t\t\t<\/div>\n\t\t\t\t<\/div>\n\t\t\t\t\t<\/div>\n\t\t\t\t<\/div>\n\t\t\t\t<\/div>","protected":false},"excerpt":{"rendered":"<p>Program Ag\u00e1rdi Szilvia Nagy M\u00e1ria Mircea Rusu Dinu Ol\u0103ra\u0219u Mel&#8217;amour Dreamflow Retro Magyarock Ne rezerv\u0103m dreptul de a modifica programul \u00cen cur\u00e2nd&#8230; PROGRAM 2025 PROGRAM 2024<\/p>","protected":false},"author":1,"featured_media":0,"parent":0,"menu_order":0,"comment_status":"closed","ping_status":"closed","template":"","meta":{"_acf_changed":false,"footnotes":""},"class_list":["post-61","page","type-page","status-publish","hentry"],"acf":[],"_links":{"self":[{"href":"https:\/\/magiaflorilor.ro\/hu\/wp-json\/wp\/v2\/pages\/61","targetHints":{"allow":["GET"]}}],"collection":[{"href":"https:\/\/magiaflorilor.ro\/hu\/wp-json\/wp\/v2\/pages"}],"about":[{"href":"https:\/\/magiaflorilor.ro\/hu\/wp-json\/wp\/v2\/types\/page"}],"author":[{"embeddable":true,"href":"https:\/\/magiaflorilor.ro\/hu\/wp-json\/wp\/v2\/users\/1"}],"replies":[{"embeddable":true,"href":"https:\/\/magiaflorilor.ro\/hu\/wp-json\/wp\/v2\/comments?post=61"}],"version-history":[{"count":85,"href":"https:\/\/magiaflorilor.ro\/hu\/wp-json\/wp\/v2\/pages\/61\/revisions"}],"predecessor-version":[{"id":2414,"href":"https:\/\/magiaflorilor.ro\/hu\/wp-json\/wp\/v2\/pages\/61\/revisions\/2414"}],"wp:attachment":[{"href":"https:\/\/magiaflorilor.ro\/hu\/wp-json\/wp\/v2\/media?parent=61"}],"curies":[{"name":"wp","href":"https:\/\/api.w.org\/{rel}","templated":true}]}}