{"id":48,"date":"2025-02-24T17:33:43","date_gmt":"2025-02-24T15:33:43","guid":{"rendered":"https:\/\/magiaflorilor.ro\/?page_id=48"},"modified":"2026-03-30T13:27:06","modified_gmt":"2026-03-30T10:27:06","slug":"targ","status":"publish","type":"page","link":"https:\/\/magiaflorilor.ro\/hu\/targ\/","title":{"rendered":"Vir\u00e1gv\u00e1s\u00e1r"},"content":{"rendered":"<div data-elementor-type=\"wp-page\" data-elementor-id=\"48\" class=\"elementor elementor-48\" data-elementor-post-type=\"page\">\n\t\t\t\t<div class=\"elementor-element elementor-element-a17d12c e-con-full e-flex e-con e-parent\" data-id=\"a17d12c\" data-element_type=\"container\" data-settings=\"{&quot;background_background&quot;:&quot;classic&quot;}\">\n\t\t\t\t<div class=\"elementor-element elementor-element-376d38f elementor-widget elementor-widget-heading\" data-id=\"376d38f\" data-element_type=\"widget\" data-widget_type=\"heading.default\">\n\t\t\t\t<div class=\"elementor-widget-container\">\n\t\t\t\t\t<h1 class=\"elementor-heading-title elementor-size-default\">Vir\u00e1gv\u00e1s\u00e1r<\/h1>\t\t\t\t<\/div>\n\t\t\t\t<\/div>\n\t\t\t\t<\/div>\n\t\t<div class=\"elementor-element elementor-element-c9d2801 e-flex e-con-boxed e-con e-parent\" data-id=\"c9d2801\" data-element_type=\"container\">\n\t\t\t\t\t<div class=\"e-con-inner\">\n\t\t\t\t<div class=\"elementor-element elementor-element-5b16c4e elementor-widget__width-initial elementor-widget elementor-widget-text-editor\" data-id=\"5b16c4e\" data-element_type=\"widget\" data-widget_type=\"text-editor.default\">\n\t\t\t\t<div class=\"elementor-widget-container\">\n\t\t\t\t\t\t\t\t\t<p>A Vir\u00e1gvar\u00e1zs Fesztiv\u00e1lon a vir\u00e1gki\u00e1ll\u00edt\u00e1sok igazi \u00e9l\u0151 m\u0171alkot\u00e1sokk\u00e1 v\u00e1lnak. A legtehets\u00e9gesebb designerek \u00e9s vir\u00e1gk\u00f6t\u0151k term\u00e9szetb\u0151l, mes\u00e9kb\u0151l \u00e9s kultur\u00e1lis szimb\u00f3lumokb\u00f3l inspir\u00e1lt kompoz\u00edci\u00f3kat hoznak l\u00e9tre. Ezek a leny\u0171g\u00f6z\u0151 install\u00e1ci\u00f3k platformokra \u00e9p\u00fclnek, \u00e9s t\u00edzezernyi illatos, sz\u00ednes vir\u00e1ggal bor\u00edtj\u00e1k be \u0151ket, var\u00e1zslatos l\u00e1tv\u00e1nny\u00e1 v\u00e1ltoztatva a fesztiv\u00e1l minden szeglet\u00e9t.<\/p><p>A vir\u00e1gkompoz\u00edci\u00f3k nemcsak eszt\u00e9tikai \u00e9lm\u00e9nyt ny\u00fajtanak, hanem Marosv\u00e1s\u00e1rhely kultur\u00e1lis esszenci\u00e1j\u00e1t is megragadj\u00e1k. A vir\u00e1gm\u0171v\u00e9szet tal\u00e1lkozik a t\u00f6rt\u00e9netek \u00e9rzelmi vil\u00e1g\u00e1val, mik\u00f6zben a l\u00e1togat\u00f3k megismerhetik a leg\u00fajabb vir\u00e1gk\u00f6t\u00e9szeti \u00e9s kert\u00e9szeti trendeket, gy\u00f6ny\u00f6rk\u00f6dhetnek a k\u00fcl\u00f6nleges alkot\u00e1sokban, \u00e9s elmer\u00fclhetnek egy mes\u00e9s d\u00edszletben, ahol a sz\u00ednek, illatok \u00e9s vir\u00e1gok harm\u00f3ni\u00e1ja minden \u00e9rz\u00e9ket megsz\u00f3l\u00edt.<\/p>\t\t\t\t\t\t\t\t<\/div>\n\t\t\t\t<\/div>\n\t\t\t\t<div class=\"elementor-element elementor-element-91bb75f elementor-widget__width-initial elementor-absolute elementor-hidden-tablet elementor-hidden-mobile elementor-hidden-laptop elementor-widget elementor-widget-image\" data-id=\"91bb75f\" data-element_type=\"widget\" data-settings=\"{&quot;_position&quot;:&quot;absolute&quot;,&quot;motion_fx_motion_fx_scrolling&quot;:&quot;yes&quot;,&quot;motion_fx_translateY_effect&quot;:&quot;yes&quot;,&quot;motion_fx_translateY_speed&quot;:{&quot;unit&quot;:&quot;px&quot;,&quot;size&quot;:2,&quot;sizes&quot;:[]},&quot;motion_fx_translateY_affectedRange&quot;:{&quot;unit&quot;:&quot;%&quot;,&quot;size&quot;:&quot;&quot;,&quot;sizes&quot;:{&quot;start&quot;:39,&quot;end&quot;:69}},&quot;motion_fx_devices&quot;:[&quot;desktop&quot;,&quot;laptop&quot;,&quot;tablet&quot;,&quot;mobile&quot;]}\" data-widget_type=\"image.default\">\n\t\t\t\t<div class=\"elementor-widget-container\">\n\t\t\t\t\t\t\t\t\t\t\t\t\t\t\t<img fetchpriority=\"high\" decoding=\"async\" width=\"298\" height=\"330\" src=\"https:\/\/magiaflorilor.ro\/wp-content\/uploads\/2025\/02\/virag_home2.png\" class=\"attachment-large size-large wp-image-499\" alt=\"\" srcset=\"https:\/\/magiaflorilor.ro\/wp-content\/uploads\/2025\/02\/virag_home2.png 298w, https:\/\/magiaflorilor.ro\/wp-content\/uploads\/2025\/02\/virag_home2-271x300.png 271w\" sizes=\"(max-width: 298px) 100vw, 298px\" \/>\t\t\t\t\t\t\t\t\t\t\t\t\t\t\t<\/div>\n\t\t\t\t<\/div>\n\t\t\t\t\t<\/div>\n\t\t\t\t<\/div>\n\t\t<div class=\"elementor-element elementor-element-a98e731 e-con-full e-flex e-con e-parent\" data-id=\"a98e731\" data-element_type=\"container\" data-settings=\"{&quot;background_background&quot;:&quot;classic&quot;}\">\n\t\t\t\t<div class=\"elementor-element elementor-element-ed68667 elementor-widget elementor-widget-heading\" data-id=\"ed68667\" data-element_type=\"widget\" data-widget_type=\"heading.default\">\n\t\t\t\t<div class=\"elementor-widget-container\">\n\t\t\t\t\t<h2 class=\"elementor-heading-title elementor-size-default\">Gal\u00e9ria<\/h2>\t\t\t\t<\/div>\n\t\t\t\t<\/div>\n\t\t\t\t<\/div>\n\t\t<div class=\"elementor-element elementor-element-121ff65 e-con-full e-flex e-con e-parent\" data-id=\"121ff65\" data-element_type=\"container\" data-settings=\"{&quot;background_background&quot;:&quot;classic&quot;}\">\n\t\t\t\t<div class=\"elementor-element elementor-element-db29b3e elementor-widget__width-initial elementor-absolute elementor-hidden-tablet elementor-hidden-mobile elementor-hidden-laptop elementor-widget elementor-widget-image\" data-id=\"db29b3e\" data-element_type=\"widget\" data-settings=\"{&quot;_position&quot;:&quot;absolute&quot;,&quot;motion_fx_motion_fx_scrolling&quot;:&quot;yes&quot;,&quot;motion_fx_translateY_effect&quot;:&quot;yes&quot;,&quot;motion_fx_translateY_speed&quot;:{&quot;unit&quot;:&quot;px&quot;,&quot;size&quot;:2,&quot;sizes&quot;:[]},&quot;motion_fx_translateY_affectedRange&quot;:{&quot;unit&quot;:&quot;%&quot;,&quot;size&quot;:&quot;&quot;,&quot;sizes&quot;:{&quot;start&quot;:38,&quot;end&quot;:65}},&quot;motion_fx_devices&quot;:[&quot;desktop&quot;,&quot;laptop&quot;,&quot;tablet&quot;,&quot;mobile&quot;]}\" data-widget_type=\"image.default\">\n\t\t\t\t<div class=\"elementor-widget-container\">\n\t\t\t\t\t\t\t\t\t\t\t\t\t\t\t<img decoding=\"async\" width=\"260\" height=\"437\" src=\"https:\/\/magiaflorilor.ro\/wp-content\/uploads\/2025\/02\/virag_absolute.png\" class=\"attachment-large size-large wp-image-517\" alt=\"\" srcset=\"https:\/\/magiaflorilor.ro\/wp-content\/uploads\/2025\/02\/virag_absolute.png 260w, https:\/\/magiaflorilor.ro\/wp-content\/uploads\/2025\/02\/virag_absolute-178x300.png 178w\" sizes=\"(max-width: 260px) 100vw, 260px\" \/>\t\t\t\t\t\t\t\t\t\t\t\t\t\t\t<\/div>\n\t\t\t\t<\/div>\n\t\t\t\t<\/div>\n\t\t<div class=\"elementor-element elementor-element-8e60d9a e-grid e-con-boxed e-con e-parent\" data-id=\"8e60d9a\" data-element_type=\"container\">\n\t\t\t\t\t<div class=\"e-con-inner\">\n\t\t\t\t<div class=\"elementor-element elementor-element-ea15600 elementor-widget elementor-widget-image\" data-id=\"ea15600\" data-element_type=\"widget\" data-widget_type=\"image.default\">\n\t\t\t\t<div class=\"elementor-widget-container\">\n\t\t\t\t\t\t\t\t\t\t\t\t\t\t\t<img decoding=\"async\" width=\"325\" height=\"362\" src=\"https:\/\/magiaflorilor.ro\/wp-content\/uploads\/2025\/02\/galerie_targ_floral-1.webp\" class=\"attachment-large size-large wp-image-761\" alt=\"\" srcset=\"https:\/\/magiaflorilor.ro\/wp-content\/uploads\/2025\/02\/galerie_targ_floral-1.webp 325w, https:\/\/magiaflorilor.ro\/wp-content\/uploads\/2025\/02\/galerie_targ_floral-1-269x300.webp 269w\" sizes=\"(max-width: 325px) 100vw, 325px\" \/>\t\t\t\t\t\t\t\t\t\t\t\t\t\t\t<\/div>\n\t\t\t\t<\/div>\n\t\t\t\t<div class=\"elementor-element elementor-element-7ea8f37 elementor-widget elementor-widget-image\" data-id=\"7ea8f37\" data-element_type=\"widget\" data-widget_type=\"image.default\">\n\t\t\t\t<div class=\"elementor-widget-container\">\n\t\t\t\t\t\t\t\t\t\t\t\t\t\t\t<img loading=\"lazy\" decoding=\"async\" width=\"325\" height=\"362\" src=\"https:\/\/magiaflorilor.ro\/wp-content\/uploads\/2025\/02\/galerie_targ_floral2-1.webp\" class=\"attachment-large size-large wp-image-759\" alt=\"\" srcset=\"https:\/\/magiaflorilor.ro\/wp-content\/uploads\/2025\/02\/galerie_targ_floral2-1.webp 325w, https:\/\/magiaflorilor.ro\/wp-content\/uploads\/2025\/02\/galerie_targ_floral2-1-269x300.webp 269w\" sizes=\"(max-width: 325px) 100vw, 325px\" \/>\t\t\t\t\t\t\t\t\t\t\t\t\t\t\t<\/div>\n\t\t\t\t<\/div>\n\t\t\t\t<div class=\"elementor-element elementor-element-3667047 elementor-widget elementor-widget-image\" data-id=\"3667047\" data-element_type=\"widget\" data-widget_type=\"image.default\">\n\t\t\t\t<div class=\"elementor-widget-container\">\n\t\t\t\t\t\t\t\t\t\t\t\t\t\t\t<img loading=\"lazy\" decoding=\"async\" width=\"325\" height=\"362\" src=\"https:\/\/magiaflorilor.ro\/wp-content\/uploads\/2025\/02\/galerie_targ_floral3-1.webp\" class=\"attachment-large size-large wp-image-755\" alt=\"\" srcset=\"https:\/\/magiaflorilor.ro\/wp-content\/uploads\/2025\/02\/galerie_targ_floral3-1.webp 325w, https:\/\/magiaflorilor.ro\/wp-content\/uploads\/2025\/02\/galerie_targ_floral3-1-269x300.webp 269w\" sizes=\"(max-width: 325px) 100vw, 325px\" \/>\t\t\t\t\t\t\t\t\t\t\t\t\t\t\t<\/div>\n\t\t\t\t<\/div>\n\t\t\t\t<div class=\"elementor-element elementor-element-9322759 elementor-widget elementor-widget-image\" data-id=\"9322759\" data-element_type=\"widget\" data-widget_type=\"image.default\">\n\t\t\t\t<div class=\"elementor-widget-container\">\n\t\t\t\t\t\t\t\t\t\t\t\t\t\t\t<img loading=\"lazy\" decoding=\"async\" width=\"325\" height=\"362\" src=\"https:\/\/magiaflorilor.ro\/wp-content\/uploads\/2025\/02\/galerie_targ_floral4-1.webp\" class=\"attachment-large size-large wp-image-756\" alt=\"\" srcset=\"https:\/\/magiaflorilor.ro\/wp-content\/uploads\/2025\/02\/galerie_targ_floral4-1.webp 325w, https:\/\/magiaflorilor.ro\/wp-content\/uploads\/2025\/02\/galerie_targ_floral4-1-269x300.webp 269w\" sizes=\"(max-width: 325px) 100vw, 325px\" \/>\t\t\t\t\t\t\t\t\t\t\t\t\t\t\t<\/div>\n\t\t\t\t<\/div>\n\t\t\t\t<div class=\"elementor-element elementor-element-6ce8b29 elementor-widget elementor-widget-image\" data-id=\"6ce8b29\" data-element_type=\"widget\" data-widget_type=\"image.default\">\n\t\t\t\t<div class=\"elementor-widget-container\">\n\t\t\t\t\t\t\t\t\t\t\t\t\t\t\t<img loading=\"lazy\" decoding=\"async\" width=\"325\" height=\"362\" src=\"https:\/\/magiaflorilor.ro\/wp-content\/uploads\/2025\/02\/galerie_targ_floral5-1.webp\" class=\"attachment-large size-large wp-image-754\" alt=\"\" srcset=\"https:\/\/magiaflorilor.ro\/wp-content\/uploads\/2025\/02\/galerie_targ_floral5-1.webp 325w, https:\/\/magiaflorilor.ro\/wp-content\/uploads\/2025\/02\/galerie_targ_floral5-1-269x300.webp 269w\" sizes=\"(max-width: 325px) 100vw, 325px\" \/>\t\t\t\t\t\t\t\t\t\t\t\t\t\t\t<\/div>\n\t\t\t\t<\/div>\n\t\t\t\t<div class=\"elementor-element elementor-element-55c56fe elementor-widget elementor-widget-image\" data-id=\"55c56fe\" data-element_type=\"widget\" data-widget_type=\"image.default\">\n\t\t\t\t<div class=\"elementor-widget-container\">\n\t\t\t\t\t\t\t\t\t\t\t\t\t\t\t<img loading=\"lazy\" decoding=\"async\" width=\"325\" height=\"362\" src=\"https:\/\/magiaflorilor.ro\/wp-content\/uploads\/2025\/02\/galerie_targ_floral6-1.webp\" class=\"attachment-large size-large wp-image-757\" alt=\"\" srcset=\"https:\/\/magiaflorilor.ro\/wp-content\/uploads\/2025\/02\/galerie_targ_floral6-1.webp 325w, https:\/\/magiaflorilor.ro\/wp-content\/uploads\/2025\/02\/galerie_targ_floral6-1-269x300.webp 269w\" sizes=\"(max-width: 325px) 100vw, 325px\" \/>\t\t\t\t\t\t\t\t\t\t\t\t\t\t\t<\/div>\n\t\t\t\t<\/div>\n\t\t\t\t<div class=\"elementor-element elementor-element-01db452 elementor-widget elementor-widget-image\" data-id=\"01db452\" data-element_type=\"widget\" data-widget_type=\"image.default\">\n\t\t\t\t<div class=\"elementor-widget-container\">\n\t\t\t\t\t\t\t\t\t\t\t\t\t\t\t<img loading=\"lazy\" decoding=\"async\" width=\"325\" height=\"362\" src=\"https:\/\/magiaflorilor.ro\/wp-content\/uploads\/2025\/02\/galerie_targ_floral7-1.webp\" class=\"attachment-large size-large wp-image-758\" alt=\"\" srcset=\"https:\/\/magiaflorilor.ro\/wp-content\/uploads\/2025\/02\/galerie_targ_floral7-1.webp 325w, https:\/\/magiaflorilor.ro\/wp-content\/uploads\/2025\/02\/galerie_targ_floral7-1-269x300.webp 269w\" sizes=\"(max-width: 325px) 100vw, 325px\" \/>\t\t\t\t\t\t\t\t\t\t\t\t\t\t\t<\/div>\n\t\t\t\t<\/div>\n\t\t\t\t<div class=\"elementor-element elementor-element-e81cdf8 elementor-widget elementor-widget-image\" data-id=\"e81cdf8\" data-element_type=\"widget\" data-widget_type=\"image.default\">\n\t\t\t\t<div class=\"elementor-widget-container\">\n\t\t\t\t\t\t\t\t\t\t\t\t\t\t\t<img loading=\"lazy\" decoding=\"async\" width=\"325\" height=\"362\" src=\"https:\/\/magiaflorilor.ro\/wp-content\/uploads\/2025\/02\/galerie_targ_floral8-1.webp\" class=\"attachment-large size-large wp-image-760\" alt=\"\" srcset=\"https:\/\/magiaflorilor.ro\/wp-content\/uploads\/2025\/02\/galerie_targ_floral8-1.webp 325w, https:\/\/magiaflorilor.ro\/wp-content\/uploads\/2025\/02\/galerie_targ_floral8-1-269x300.webp 269w\" sizes=\"(max-width: 325px) 100vw, 325px\" \/>\t\t\t\t\t\t\t\t\t\t\t\t\t\t\t<\/div>\n\t\t\t\t<\/div>\n\t\t\t\t\t<\/div>\n\t\t\t\t<\/div>\n\t\t<div class=\"elementor-element elementor-element-a4088fc e-flex e-con-boxed e-con e-parent\" data-id=\"a4088fc\" data-element_type=\"container\">\n\t\t\t\t\t<div class=\"e-con-inner\">\n\t\t<div class=\"elementor-element elementor-element-c9f9bb0 e-con-full e-flex e-con e-child\" data-id=\"c9f9bb0\" data-element_type=\"container\" data-settings=\"{&quot;background_background&quot;:&quot;classic&quot;}\">\n\t\t\t\t<div class=\"elementor-element elementor-element-f8c84b2 elementor-widget-mobile__width-initial elementor-widget elementor-widget-heading\" data-id=\"f8c84b2\" data-element_type=\"widget\" id=\"rezerva_loc\" data-widget_type=\"heading.default\">\n\t\t\t\t<div class=\"elementor-widget-container\">\n\t\t\t\t\t<h2 class=\"elementor-heading-title elementor-size-default translation-block\">Foglald le a helyed a 2026-\u00f6s fesztiv\u00e1l v\u00e1s\u00e1r\u00e1n<\/h2>\t\t\t\t<\/div>\n\t\t\t\t<\/div>\n\t\t\t\t<div class=\"elementor-element elementor-element-c5e585e elementor-widget elementor-widget-text-editor\" data-id=\"c5e585e\" data-element_type=\"widget\" data-widget_type=\"text-editor.default\">\n\t\t\t\t<div class=\"elementor-widget-container\">\n\t\t\t\t\t\t\t\t\t<p>2026 Szeptember 11-13<\/p>\t\t\t\t\t\t\t\t<\/div>\n\t\t\t\t<\/div>\n\t\t\t\t<div class=\"elementor-element elementor-element-fb01dd8 elementor-button-align-stretch elementor-widget elementor-widget-form\" data-id=\"fb01dd8\" data-element_type=\"widget\" data-settings=\"{&quot;button_width&quot;:&quot;60&quot;,&quot;step_next_label&quot;:&quot;Next&quot;,&quot;step_previous_label&quot;:&quot;Previous&quot;,&quot;step_type&quot;:&quot;number_text&quot;,&quot;step_icon_shape&quot;:&quot;circle&quot;}\" data-widget_type=\"form.default\">\n\t\t\t\t<div class=\"elementor-widget-container\">\n\t\t\t\t\t\t\t<form class=\"elementor-form\" method=\"post\" name=\"Formular Targ Floral\" action=\"\">\n\t\t\t<input type=\"hidden\" name=\"post_id\" value=\"48\"\/>\n\t\t\t<input type=\"hidden\" name=\"form_id\" value=\"fb01dd8\"\/>\n\t\t\t<input type=\"hidden\" name=\"referer_title\" value=\"T\u00e2rg Floral - Magia Florilor Targu Mures\" \/>\n\n\t\t\t\t\t\t\t<input type=\"hidden\" name=\"queried_id\" value=\"48\"\/>\n\t\t\t\n\t\t\t<div class=\"elementor-form-fields-wrapper elementor-labels-above\">\n\t\t\t\t\t\t\t\t<div class=\"elementor-field-type-hidden elementor-field-group elementor-column elementor-field-group-field_60ce8e4 elementor-col-100\">\n\t\t\t\t\t\t\t\t\t\t\t\t\t<input size=\"1\" type=\"hidden\" name=\"form_fields[field_60ce8e4]\" id=\"form-field-field_60ce8e4\" class=\"elementor-field elementor-size-sm  elementor-field-textual\">\n\t\t\t\t\t\t\t\t\t\t\t<\/div>\n\t\t\t\t\t\t\t\t<div class=\"elementor-field-type-text elementor-field-group elementor-column elementor-field-group-name elementor-col-60 elementor-field-required elementor-mark-required\">\n\t\t\t\t\t\t\t\t\t\t\t\t\t<input size=\"1\" type=\"text\" name=\"form_fields[name]\" id=\"form-field-name\" class=\"elementor-field elementor-size-sm  elementor-field-textual\" placeholder=\"Vezet\u00e9kn\u00e9v\" required=\"required\">\n\t\t\t\t\t\t\t\t\t\t\t<\/div>\n\t\t\t\t\t\t\t\t<div class=\"elementor-field-type-text elementor-field-group elementor-column elementor-field-group-field_a011b61 elementor-col-60 elementor-field-required elementor-mark-required\">\n\t\t\t\t\t\t\t\t\t\t\t\t\t<input size=\"1\" type=\"text\" name=\"form_fields[field_a011b61]\" id=\"form-field-field_a011b61\" class=\"elementor-field elementor-size-sm  elementor-field-textual\" placeholder=\"Keresztn\u00e9v\" required=\"required\">\n\t\t\t\t\t\t\t\t\t\t\t<\/div>\n\t\t\t\t\t\t\t\t<div class=\"elementor-field-type-text elementor-field-group elementor-column elementor-field-group-field_e6e8bdd elementor-col-60 elementor-field-required elementor-mark-required\">\n\t\t\t\t\t\t\t\t\t\t\t\t\t<input size=\"1\" type=\"text\" name=\"form_fields[field_e6e8bdd]\" id=\"form-field-field_e6e8bdd\" class=\"elementor-field elementor-size-sm  elementor-field-textual\" placeholder=\"C\u00e9g neve\" required=\"required\">\n\t\t\t\t\t\t\t\t\t\t\t<\/div>\n\t\t\t\t\t\t\t\t<div class=\"elementor-field-type-tel elementor-field-group elementor-column elementor-field-group-field_a9cbf33 elementor-col-60 elementor-field-required elementor-mark-required\">\n\t\t\t\t\t\t\t<input size=\"1\" type=\"tel\" name=\"form_fields[field_a9cbf33]\" id=\"form-field-field_a9cbf33\" class=\"elementor-field elementor-size-sm  elementor-field-textual\" placeholder=\"Telefonsz\u00e1m\" required=\"required\" pattern=\"[0-9()#&amp;+*-=.]+\" title=\"Only numbers and phone characters (#, -, *, etc) are accepted.\" data-no-translation-title=\"\">\n\n\t\t\t\t\t\t<\/div>\n\t\t\t\t\t\t\t\t<div class=\"elementor-field-type-email elementor-field-group elementor-column elementor-field-group-email elementor-col-60 elementor-field-required elementor-mark-required\">\n\t\t\t\t\t\t\t\t\t\t\t\t\t<input size=\"1\" type=\"email\" name=\"form_fields[email]\" id=\"form-field-email\" class=\"elementor-field elementor-size-sm  elementor-field-textual\" placeholder=\"Email\" required=\"required\">\n\t\t\t\t\t\t\t\t\t\t\t<\/div>\n\t\t\t\t\t\t\t\t<div class=\"elementor-field-type-textarea elementor-field-group elementor-column elementor-field-group-field_0b653a9 elementor-col-60 elementor-field-required elementor-mark-required\">\n\t\t\t\t\t<textarea class=\"elementor-field-textual elementor-field  elementor-size-sm\" name=\"form_fields[field_0b653a9]\" id=\"form-field-field_0b653a9\" rows=\"4\" placeholder=\"A v\u00e1llalkoz\u00e1s le\u00edr\u00e1sa (helysz\u00edn, alap\u00edt\u00e1s ideje, r\u00f6vid bemutat\u00e1s)\" required=\"required\"><\/textarea>\t\t\t\t<\/div>\n\t\t\t\t\t\t\t\t<div class=\"elementor-field-type-radio elementor-field-group elementor-column elementor-field-group-field_d8d9f53 elementor-col-60 elementor-field-required elementor-mark-required\">\n\t\t\t\t\t\t\t\t\t\t\t\t<label for=\"form-field-field_d8d9f53\" class=\"elementor-field-label\">\n\t\t\t\t\t\t\t\tA helysz\u00ednen lehet bankk\u00e1rty\u00e1val fizetni?\t\t\t\t\t\t\t<\/label>\n\t\t\t\t\t\t<div class=\"elementor-field-subgroup\"><span class=\"elementor-field-option\"><input type=\"radio\" value=\"Da\" id=\"form-field-field_d8d9f53-0\" name=\"form_fields[field_d8d9f53]\" required=\"required\"> <label for=\"form-field-field_d8d9f53-0\">Igen<\/label><\/span><span class=\"elementor-field-option\"><input type=\"radio\" value=\"Nu\" id=\"form-field-field_d8d9f53-1\" name=\"form_fields[field_d8d9f53]\" required=\"required\"> <label for=\"form-field-field_d8d9f53-1\">Nem<\/label><\/span><\/div>\t\t\t\t<\/div>\n\t\t\t\t\t\t\t\t<div class=\"elementor-field-type-radio elementor-field-group elementor-column elementor-field-group-field_e87fef3 elementor-col-60 elementor-field-required elementor-mark-required\">\n\t\t\t\t\t\t\t\t\t\t\t\t<label for=\"form-field-field_e87fef3\" class=\"elementor-field-label\">\n\t\t\t\t\t\t\t\tK\u00edv\u00e1nt helyis\u00e9g\t\t\t\t\t\t\t<\/label>\n\t\t\t\t\t\t<div class=\"elementor-field-subgroup\"><span class=\"elementor-field-option\"><input type=\"radio\" value=\"9mp - 1 cort de 3x3\" id=\"form-field-field_e87fef3-0\" name=\"form_fields[field_e87fef3]\" required=\"required\"> <label for=\"form-field-field_e87fef3-0\">9 m\u00b2 \u2013 1 darab 3x3 m\u00e9teres s\u00e1tor<\/label><\/span><span class=\"elementor-field-option\"><input type=\"radio\" value=\"18mp - 2 corturi de 3x3\" id=\"form-field-field_e87fef3-1\" name=\"form_fields[field_e87fef3]\" required=\"required\"> <label for=\"form-field-field_e87fef3-1\">18 m\u00b2 \u2013 2 darab 3x3 m\u00e9teres s\u00e1tor<\/label><\/span><\/div>\t\t\t\t<\/div>\n\t\t\t\t\t\t\t\t<div class=\"elementor-field-type-upload elementor-field-group elementor-column elementor-field-group-field_54d0dcc elementor-col-100 elementor-field-required elementor-mark-required\">\n\t\t\t\t\t\t\t\t\t\t\t\t<label for=\"form-field-field_54d0dcc\" class=\"elementor-field-label\">\n\t\t\t\t\t\t\t\tK\u00e9pek a standr\u00f3l \u00e9s a term\u00e9kekr\u0151l (legfeljebb 10 k\u00e9p, maximum 15 MB \/ k\u00e9p)\t\t\t\t\t\t\t<\/label>\n\t\t\t\t\t\t\t\t<input type=\"file\" name=\"form_fields[field_54d0dcc][]\" id=\"form-field-field_54d0dcc\" class=\"elementor-field elementor-size-sm  elementor-upload-field\" required=\"required\" multiple=\"multiple\" data-maxsize=\"110\" data-maxsize-message=\"This file exceeds the maximum allowed size.\" data-no-translation-data-maxsize-message=\"\">\n\n\t\t\t\t\t\t<\/div>\n\t\t\t\t\t\t\t\t<div class=\"elementor-field-type-upload elementor-field-group elementor-column elementor-field-group-field_2ce3172 elementor-col-100 elementor-field-required elementor-mark-required\">\n\t\t\t\t\t\t\t\t\t\t\t\t<label for=\"form-field-field_2ce3172\" class=\"elementor-field-label\">\n\t\t\t\t\t\t\t\tA c\u00e9g, v\u00e1llalkoz\u00e1s dokumentumai vagy a termel\u0151i igazolv\u00e1ny (legfeljebb 5 f\u00e1jl, maximum 15 MB \/ f\u00e1jl)\t\t\t\t\t\t\t<\/label>\n\t\t\t\t\t\t\t\t<input type=\"file\" name=\"form_fields[field_2ce3172][]\" id=\"form-field-field_2ce3172\" class=\"elementor-field elementor-size-sm  elementor-upload-field\" required=\"required\" multiple=\"multiple\" data-maxsize=\"110\" data-maxsize-message=\"This file exceeds the maximum allowed size.\" data-no-translation-data-maxsize-message=\"\">\n\n\t\t\t\t\t\t<\/div>\n\t\t\t\t\t\t\t\t<div class=\"elementor-field-type-acceptance elementor-field-group elementor-column elementor-field-group-field_995b7c3 elementor-col-100 elementor-field-required elementor-mark-required\">\n\t\t\t\t\t\t\t<div class=\"elementor-field-subgroup\">\n\t\t\t<span class=\"elementor-field-option\">\n\t\t\t\t<input type=\"checkbox\" name=\"form_fields[field_995b7c3]\" id=\"form-field-field_995b7c3\" class=\"elementor-field elementor-size-sm  elementor-acceptance-field\" required=\"required\">\n\t\t\t\t<label for=\"form-field-field_995b7c3\"> Elfogadom a weboldal <a href=\"https:\/\/magiaflorilor.ro\/hu\/politica-de-confidentialitate\/\" target=\"_blank\">Adatv\u00e9delmi szab\u00e1lyzat\u00e1t<\/a> . <\/<\/label>\t\t\t<\/span>\n\t\t<\/div>\n\t\t\t\t\t\t<\/div>\n\t\t\t\t\t\t\t\t<div class=\"elementor-field-type-recaptcha elementor-field-group elementor-column elementor-field-group-field_173a224 elementor-col-100\">\n\t\t\t\t\t<div class=\"elementor-field\" id=\"form-field-field_173a224\"><div class=\"elementor-g-recaptcha\" data-sitekey=\"6Lc8i-wqAAAAAEmdHzsprKem1wLkyjy2GEHgFLjN\" data-type=\"v2_checkbox\" data-theme=\"light\" data-size=\"normal\"><\/div><\/div>\t\t\t\t<\/div>\n\t\t\t\t\t\t\t\t<div class=\"elementor-field-group elementor-column elementor-field-type-submit elementor-col-60 e-form__buttons\">\n\t\t\t\t\t<button class=\"elementor-button elementor-size-sm\" type=\"submit\">\n\t\t\t\t\t\t<span class=\"elementor-button-content-wrapper\">\n\t\t\t\t\t\t\t\t\t\t\t\t\t\t\t\t\t\t\t\t\t\t<span class=\"elementor-button-text\">Feliratkoz\u00e1s<\/span>\n\t\t\t\t\t\t\t\t\t\t\t\t\t<\/span>\n\t\t\t\t\t<\/button>\n\t\t\t\t<\/div>\n\t\t\t<\/div>\n\t\t<input type=\"hidden\" name=\"trp-form-language\" value=\"hu\"\/><\/form>\n\t\t\t\t\t\t<\/div>\n\t\t\t\t<\/div>\n\t\t\t\t<\/div>\n\t\t\t\t\t<\/div>\n\t\t\t\t<\/div>\n\t\t\t\t<\/div>","protected":false},"excerpt":{"rendered":"<p>T\u00e2rg Floral \u00cen cadrul festivalului Magia Florilor, expozi\u021biile florale devin adev\u0103rate opere de art\u0103 vii, unde cei mai talenta\u021bi designeri \u0219i flori\u0219ti concureaz\u0103 pentru a crea aranjamente florale gigantice, inspirate din natur\u0103, pove\u0219ti \u0219i simboluri culturale. Aceste instala\u021bii impresionante sunt construite pe platforme \u0219i \u00eembr\u0103cate \u00een zeci de mii de flori colorate \u0219i parfumate, transform\u00e2nd [&hellip;]<\/p>","protected":false},"author":1,"featured_media":0,"parent":0,"menu_order":0,"comment_status":"closed","ping_status":"closed","template":"","meta":{"_acf_changed":false,"footnotes":""},"class_list":["post-48","page","type-page","status-publish","hentry"],"acf":[],"_links":{"self":[{"href":"https:\/\/magiaflorilor.ro\/hu\/wp-json\/wp\/v2\/pages\/48","targetHints":{"allow":["GET"]}}],"collection":[{"href":"https:\/\/magiaflorilor.ro\/hu\/wp-json\/wp\/v2\/pages"}],"about":[{"href":"https:\/\/magiaflorilor.ro\/hu\/wp-json\/wp\/v2\/types\/page"}],"author":[{"embeddable":true,"href":"https:\/\/magiaflorilor.ro\/hu\/wp-json\/wp\/v2\/users\/1"}],"replies":[{"embeddable":true,"href":"https:\/\/magiaflorilor.ro\/hu\/wp-json\/wp\/v2\/comments?post=48"}],"version-history":[{"count":148,"href":"https:\/\/magiaflorilor.ro\/hu\/wp-json\/wp\/v2\/pages\/48\/revisions"}],"predecessor-version":[{"id":2351,"href":"https:\/\/magiaflorilor.ro\/hu\/wp-json\/wp\/v2\/pages\/48\/revisions\/2351"}],"wp:attachment":[{"href":"https:\/\/magiaflorilor.ro\/hu\/wp-json\/wp\/v2\/media?parent=48"}],"curies":[{"name":"wp","href":"https:\/\/api.w.org\/{rel}","templated":true}]}}