{"id":1335,"date":"2025-03-03T14:55:23","date_gmt":"2025-03-03T12:55:23","guid":{"rendered":"https:\/\/magiaflorilor.ro\/?page_id=1335"},"modified":"2026-03-31T09:57:27","modified_gmt":"2026-03-31T06:57:27","slug":"evenimente","status":"publish","type":"page","link":"https:\/\/magiaflorilor.ro\/hu\/evenimente\/","title":{"rendered":"Esem\u00e9nyek"},"content":{"rendered":"<div data-elementor-type=\"wp-page\" data-elementor-id=\"1335\" class=\"elementor elementor-1335\" data-elementor-post-type=\"page\">\n\t\t\t\t<div class=\"elementor-element elementor-element-ecb4f18 e-con-full e-flex e-con e-parent\" data-id=\"ecb4f18\" data-element_type=\"container\" data-settings=\"{&quot;background_background&quot;:&quot;classic&quot;}\">\n\t\t\t\t<div class=\"elementor-element elementor-element-d7c78a5 elementor-widget elementor-widget-heading\" data-id=\"d7c78a5\" data-element_type=\"widget\" data-widget_type=\"heading.default\">\n\t\t\t\t<div class=\"elementor-widget-container\">\n\t\t\t\t\t<h1 class=\"elementor-heading-title elementor-size-default\">Esem\u00e9nyek<\/h1>\t\t\t\t<\/div>\n\t\t\t\t<\/div>\n\t\t\t\t<\/div>\n\t\t<div class=\"elementor-element elementor-element-3e6ac80 e-flex e-con-boxed e-con e-parent\" data-id=\"3e6ac80\" data-element_type=\"container\">\n\t\t\t\t\t<div class=\"e-con-inner\">\n\t\t\t\t<div class=\"elementor-element elementor-element-5c595c1 elementor-widget__width-initial elementor-position-top elementor-widget elementor-widget-image-box\" data-id=\"5c595c1\" data-element_type=\"widget\" data-widget_type=\"image-box.default\">\n\t\t\t\t<div class=\"elementor-widget-container\">\n\t\t\t\t\t<div class=\"elementor-image-box-wrapper\"><figure class=\"elementor-image-box-img\"><a href=\"\/hu\/expozitie-florala\/\" tabindex=\"-1\"><img fetchpriority=\"high\" decoding=\"async\" width=\"1728\" height=\"860\" src=\"https:\/\/magiaflorilor.ro\/wp-content\/uploads\/2025\/02\/hero-viragvarazs.webp\" class=\"attachment-full size-full wp-image-148\" alt=\"\" srcset=\"https:\/\/magiaflorilor.ro\/wp-content\/uploads\/2025\/02\/hero-viragvarazs.webp 1728w, https:\/\/magiaflorilor.ro\/wp-content\/uploads\/2025\/02\/hero-viragvarazs-300x149.webp 300w, https:\/\/magiaflorilor.ro\/wp-content\/uploads\/2025\/02\/hero-viragvarazs-1024x510.webp 1024w, https:\/\/magiaflorilor.ro\/wp-content\/uploads\/2025\/02\/hero-viragvarazs-768x382.webp 768w, https:\/\/magiaflorilor.ro\/wp-content\/uploads\/2025\/02\/hero-viragvarazs-1536x764.webp 1536w\" sizes=\"(max-width: 1728px) 100vw, 1728px\" \/><\/a><\/figure><div class=\"elementor-image-box-content\"><h3 class=\"elementor-image-box-title\"><a href=\"\/hu\/expozitie-florala\/\">Vir\u00e1gki\u00e1ll\u00edt\u00e1s<\/a><\/h3><\/div><\/div>\t\t\t\t<\/div>\n\t\t\t\t<\/div>\n\t\t\t\t<div class=\"elementor-element elementor-element-8472321 elementor-position-top elementor-widget elementor-widget-image-box\" data-id=\"8472321\" data-element_type=\"widget\" data-widget_type=\"image-box.default\">\n\t\t\t\t<div class=\"elementor-widget-container\">\n\t\t\t\t\t<div class=\"elementor-image-box-wrapper\"><figure class=\"elementor-image-box-img\"><a href=\"\/hu\/targ\/\" tabindex=\"-1\"><img fetchpriority=\"high\" decoding=\"async\" width=\"1728\" height=\"860\" src=\"https:\/\/magiaflorilor.ro\/wp-content\/uploads\/2025\/02\/hero-viragvarazs.webp\" class=\"attachment-full size-full wp-image-148\" alt=\"\" srcset=\"https:\/\/magiaflorilor.ro\/wp-content\/uploads\/2025\/02\/hero-viragvarazs.webp 1728w, https:\/\/magiaflorilor.ro\/wp-content\/uploads\/2025\/02\/hero-viragvarazs-300x149.webp 300w, https:\/\/magiaflorilor.ro\/wp-content\/uploads\/2025\/02\/hero-viragvarazs-1024x510.webp 1024w, https:\/\/magiaflorilor.ro\/wp-content\/uploads\/2025\/02\/hero-viragvarazs-768x382.webp 768w, https:\/\/magiaflorilor.ro\/wp-content\/uploads\/2025\/02\/hero-viragvarazs-1536x764.webp 1536w\" sizes=\"(max-width: 1728px) 100vw, 1728px\" \/><\/a><\/figure><div class=\"elementor-image-box-content\"><h3 class=\"elementor-image-box-title\"><a href=\"\/hu\/targ\/\">Vir\u00e1gv\u00e1s\u00e1r<\/a><\/h3><\/div><\/div>\t\t\t\t<\/div>\n\t\t\t\t<\/div>\n\t\t\t\t<div class=\"elementor-element elementor-element-7ddb289 elementor-position-top elementor-widget elementor-widget-image-box\" data-id=\"7ddb289\" data-element_type=\"widget\" data-widget_type=\"image-box.default\">\n\t\t\t\t<div class=\"elementor-widget-container\">\n\t\t\t\t\t<div class=\"elementor-image-box-wrapper\"><figure class=\"elementor-image-box-img\"><a href=\"\/hu\/parada-carelor-allegorice\/\" tabindex=\"-1\"><img fetchpriority=\"high\" decoding=\"async\" width=\"1728\" height=\"860\" src=\"https:\/\/magiaflorilor.ro\/wp-content\/uploads\/2025\/02\/hero-viragvarazs.webp\" class=\"attachment-full size-full wp-image-148\" alt=\"\" srcset=\"https:\/\/magiaflorilor.ro\/wp-content\/uploads\/2025\/02\/hero-viragvarazs.webp 1728w, https:\/\/magiaflorilor.ro\/wp-content\/uploads\/2025\/02\/hero-viragvarazs-300x149.webp 300w, https:\/\/magiaflorilor.ro\/wp-content\/uploads\/2025\/02\/hero-viragvarazs-1024x510.webp 1024w, https:\/\/magiaflorilor.ro\/wp-content\/uploads\/2025\/02\/hero-viragvarazs-768x382.webp 768w, https:\/\/magiaflorilor.ro\/wp-content\/uploads\/2025\/02\/hero-viragvarazs-1536x764.webp 1536w\" sizes=\"(max-width: 1728px) 100vw, 1728px\" \/><\/a><\/figure><div class=\"elementor-image-box-content\"><h3 class=\"elementor-image-box-title\"><a href=\"\/hu\/parada-carelor-allegorice\/\">Vir\u00e1gaut\u00f3k felvonul\u00e1sa<\/a><\/h3><\/div><\/div>\t\t\t\t<\/div>\n\t\t\t\t<\/div>\n\t\t\t\t\t<\/div>\n\t\t\t\t<\/div>\n\t\t\t\t<\/div>","protected":false},"excerpt":{"rendered":"<p>Evenimente Expozi\u021bie Floral\u0103 T\u00e2rg Floral Parada Carelor Allegorice<\/p>","protected":false},"author":1,"featured_media":0,"parent":0,"menu_order":0,"comment_status":"closed","ping_status":"closed","template":"","meta":{"_acf_changed":false,"footnotes":""},"class_list":["post-1335","page","type-page","status-publish","hentry"],"acf":[],"_links":{"self":[{"href":"https:\/\/magiaflorilor.ro\/hu\/wp-json\/wp\/v2\/pages\/1335","targetHints":{"allow":["GET"]}}],"collection":[{"href":"https:\/\/magiaflorilor.ro\/hu\/wp-json\/wp\/v2\/pages"}],"about":[{"href":"https:\/\/magiaflorilor.ro\/hu\/wp-json\/wp\/v2\/types\/page"}],"author":[{"embeddable":true,"href":"https:\/\/magiaflorilor.ro\/hu\/wp-json\/wp\/v2\/users\/1"}],"replies":[{"embeddable":true,"href":"https:\/\/magiaflorilor.ro\/hu\/wp-json\/wp\/v2\/comments?post=1335"}],"version-history":[{"count":15,"href":"https:\/\/magiaflorilor.ro\/hu\/wp-json\/wp\/v2\/pages\/1335\/revisions"}],"predecessor-version":[{"id":2420,"href":"https:\/\/magiaflorilor.ro\/hu\/wp-json\/wp\/v2\/pages\/1335\/revisions\/2420"}],"wp:attachment":[{"href":"https:\/\/magiaflorilor.ro\/hu\/wp-json\/wp\/v2\/media?parent=1335"}],"curies":[{"name":"wp","href":"https:\/\/api.w.org\/{rel}","templated":true}]}}