{"id":1143,"date":"2025-03-03T12:58:27","date_gmt":"2025-03-03T10:58:27","guid":{"rendered":"https:\/\/magiaflorilor.ro\/?page_id=1143"},"modified":"2026-03-31T09:42:08","modified_gmt":"2026-03-31T06:42:08","slug":"media","status":"publish","type":"page","link":"https:\/\/magiaflorilor.ro\/hu\/media\/","title":{"rendered":"M\u00e9dia"},"content":{"rendered":"<div data-elementor-type=\"wp-page\" data-elementor-id=\"1143\" class=\"elementor elementor-1143\" data-elementor-post-type=\"page\">\n\t\t\t\t<div class=\"elementor-element elementor-element-67a7425 e-con-full e-flex e-con e-parent\" data-id=\"67a7425\" data-element_type=\"container\" data-settings=\"{&quot;background_background&quot;:&quot;classic&quot;}\">\n\t\t\t\t<div class=\"elementor-element elementor-element-a7f8286 elementor-widget elementor-widget-heading\" data-id=\"a7f8286\" data-element_type=\"widget\" data-widget_type=\"heading.default\">\n\t\t\t\t<div class=\"elementor-widget-container\">\n\t\t\t\t\t<h1 class=\"elementor-heading-title elementor-size-default\">M\u00e9dia<\/h1>\t\t\t\t<\/div>\n\t\t\t\t<\/div>\n\t\t\t\t<\/div>\n\t\t<div class=\"elementor-element elementor-element-4feda5c e-flex e-con-boxed e-con e-parent\" data-id=\"4feda5c\" data-element_type=\"container\">\n\t\t\t\t\t<div class=\"e-con-inner\">\n\t\t\t\t<div class=\"elementor-element elementor-element-e07e636 elementor-grid-mobile-1 elementor-grid-3 elementor-grid-tablet-2 elementor-widget elementor-widget-loop-grid\" data-id=\"e07e636\" data-element_type=\"widget\" data-settings=\"{&quot;template_id&quot;:&quot;1166&quot;,&quot;columns_mobile&quot;:1,&quot;_skin&quot;:&quot;post&quot;,&quot;columns&quot;:&quot;3&quot;,&quot;columns_tablet&quot;:&quot;2&quot;,&quot;edit_handle_selector&quot;:&quot;[data-elementor-type=\\&quot;loop-item\\&quot;]&quot;,&quot;row_gap&quot;:{&quot;unit&quot;:&quot;px&quot;,&quot;size&quot;:&quot;&quot;,&quot;sizes&quot;:[]},&quot;row_gap_laptop&quot;:{&quot;unit&quot;:&quot;px&quot;,&quot;size&quot;:&quot;&quot;,&quot;sizes&quot;:[]},&quot;row_gap_tablet&quot;:{&quot;unit&quot;:&quot;px&quot;,&quot;size&quot;:&quot;&quot;,&quot;sizes&quot;:[]},&quot;row_gap_mobile&quot;:{&quot;unit&quot;:&quot;px&quot;,&quot;size&quot;:&quot;&quot;,&quot;sizes&quot;:[]}}\" data-widget_type=\"loop-grid.post\">\n\t\t\t\t<div class=\"elementor-widget-container\">\n\t\t\t\t\t\t\t<div class=\"elementor-loop-container elementor-grid\">\n\t\t<style id=\"loop-1166\">.elementor-1166 .elementor-element.elementor-element-3d66722{--display:flex;--gap:0px 0px;--row-gap:0px;--column-gap:0px;}.elementor-widget-image-box .elementor-image-box-title{font-family:var( --e-global-typography-primary-font-family ), Sans-serif;font-weight:var( --e-global-typography-primary-font-weight );color:var( --e-global-color-primary );}.elementor-widget-image-box:has(:hover) .elementor-image-box-title,\n\t\t\t\t\t .elementor-widget-image-box:has(:focus) .elementor-image-box-title{color:var( --e-global-color-primary );}.elementor-widget-image-box .elementor-image-box-description{font-family:var( --e-global-typography-text-font-family ), Sans-serif;font-weight:var( --e-global-typography-text-font-weight );color:var( --e-global-color-text );}.elementor-1166 .elementor-element.elementor-element-8c0e3eb .elementor-image-box-title{margin-bottom:0px;font-family:\"Montserrat\", Sans-serif;font-size:18px;font-weight:600;}.elementor-1166 .elementor-element.elementor-element-8c0e3eb .elementor-image-box-wrapper .elementor-image-box-img{width:100%;}.elementor-1166 .elementor-element.elementor-element-8c0e3eb .elementor-image-box-img img{border-radius:8px;transition-duration:0.3s;}.elementor-1166 .elementor-element.elementor-element-8c0e3eb .elementor-image-box-description{font-family:\"Montserrat\", Sans-serif;font-size:14px;font-weight:400;color:#949494;}\/* Start custom CSS for image-box, class: .elementor-element-8c0e3eb *\/.elementor-1166 .elementor-element.elementor-element-8c0e3eb img{\n    aspect-ratio: 6\/4;\n    object-fit: cover;\n}\/* End custom CSS *\/<\/style>\t\t<div data-elementor-type=\"loop-item\" data-elementor-id=\"1166\" class=\"elementor elementor-1166 e-loop-item e-loop-item-1961 post-1961 presa type-presa status-publish has-post-thumbnail hentry\" data-elementor-post-type=\"elementor_library\" data-custom-edit-handle=\"1\">\n\t\t\t<div class=\"elementor-element elementor-element-3d66722 e-flex e-con-boxed e-con e-parent\" data-id=\"3d66722\" data-element_type=\"container\">\n\t\t\t\t\t<div class=\"e-con-inner\">\n\t\t\t\t<div class=\"elementor-element elementor-element-8c0e3eb elementor-position-top elementor-widget elementor-widget-image-box\" data-id=\"8c0e3eb\" data-element_type=\"widget\" data-widget_type=\"image-box.default\">\n\t\t\t\t<div class=\"elementor-widget-container\">\n\t\t\t\t\t<div class=\"elementor-image-box-wrapper\"><figure class=\"elementor-image-box-img\"><a href=\"https:\/\/www.marosvasarhelyiradio.ro\/musorok\/iden-is-megszervezik-a-viragvarazs-fesztivalt-marosvasarhelyen\/?fbclid=IwY2xjawKSlQlleHRuA2FlbQIxMQBicmlkETFuUDdNZ0QwZUk4NFE0QTRvAR6ik_mrbuB1y0dFPF2EmtiwL6AoRUAPVcH4KjbKGMYdZUqKtNdjtx-dIMuFlg_aem_e0DvwJ4b3s6WUZYUE-W-pg\" target=\"_blank\" rel=\"nofollow noopener\" tabindex=\"-1\"><img fetchpriority=\"high\" decoding=\"async\" width=\"1439\" height=\"983\" src=\"https:\/\/magiaflorilor.ro\/wp-content\/uploads\/2025\/05\/478358893_122174366552265648_1393590183360503984_n.webp\" class=\"attachment-full size-full wp-image-1962\" alt=\"\" srcset=\"https:\/\/magiaflorilor.ro\/wp-content\/uploads\/2025\/05\/478358893_122174366552265648_1393590183360503984_n.webp 1439w, https:\/\/magiaflorilor.ro\/wp-content\/uploads\/2025\/05\/478358893_122174366552265648_1393590183360503984_n-300x205.webp 300w, https:\/\/magiaflorilor.ro\/wp-content\/uploads\/2025\/05\/478358893_122174366552265648_1393590183360503984_n-1024x700.webp 1024w, https:\/\/magiaflorilor.ro\/wp-content\/uploads\/2025\/05\/478358893_122174366552265648_1393590183360503984_n-768x525.webp 768w, https:\/\/magiaflorilor.ro\/wp-content\/uploads\/2025\/05\/478358893_122174366552265648_1393590183360503984_n-18x12.webp 18w\" sizes=\"(max-width: 1439px) 100vw, 1439px\" \/><\/a><\/figure><div class=\"elementor-image-box-content\"><h3 class=\"elementor-image-box-title\"><a href=\"https:\/\/www.marosvasarhelyiradio.ro\/musorok\/iden-is-megszervezik-a-viragvarazs-fesztivalt-marosvasarhelyen\/?fbclid=IwY2xjawKSlQlleHRuA2FlbQIxMQBicmlkETFuUDdNZ0QwZUk4NFE0QTRvAR6ik_mrbuB1y0dFPF2EmtiwL6AoRUAPVcH4KjbKGMYdZUqKtNdjtx-dIMuFlg_aem_e0DvwJ4b3s6WUZYUE-W-pg\" target=\"_blank\" rel=\"nofollow noopener\">Id\u00e9n is megszervezik a Vir\u00e1gvar\u00e1zs fesztiv\u00e1lt Marosv\u00e1s\u00e1rhelyen<\/a><\/h3><p class=\"elementor-image-box-description\">Marosv\u00e1s\u00e1rhelyi R\u00e1di\u00f3 Rom\u00e1nia<\/p><\/div><\/div>\t\t\t\t<\/div>\n\t\t\t\t<\/div>\n\t\t\t\t\t<\/div>\n\t\t\t\t<\/div>\n\t\t\t\t<\/div>\n\t\t\t\t<div data-elementor-type=\"loop-item\" data-elementor-id=\"1166\" class=\"elementor elementor-1166 e-loop-item e-loop-item-1243 post-1243 presa type-presa status-publish has-post-thumbnail hentry\" data-elementor-post-type=\"elementor_library\" data-custom-edit-handle=\"1\">\n\t\t\t<div class=\"elementor-element elementor-element-3d66722 e-flex e-con-boxed e-con e-parent\" data-id=\"3d66722\" data-element_type=\"container\">\n\t\t\t\t\t<div class=\"e-con-inner\">\n\t\t\t\t<div class=\"elementor-element elementor-element-8c0e3eb elementor-position-top elementor-widget elementor-widget-image-box\" data-id=\"8c0e3eb\" data-element_type=\"widget\" data-widget_type=\"image-box.default\">\n\t\t\t\t<div class=\"elementor-widget-container\">\n\t\t\t\t\t<div class=\"elementor-image-box-wrapper\"><figure class=\"elementor-image-box-img\"><a href=\"https:\/\/pescurt.ro\/stiri-diverse\/festivalul-magia-florilor-revine-la-targu-mures-ofera-instalatii-florale-si-ateliere-interactive\" target=\"_blank\" rel=\"nofollow noopener\" tabindex=\"-1\"><img decoding=\"async\" width=\"1728\" height=\"860\" src=\"https:\/\/magiaflorilor.ro\/wp-content\/uploads\/2025\/02\/hero-viragvarazs.webp\" class=\"attachment-full size-full wp-image-148\" alt=\"\" srcset=\"https:\/\/magiaflorilor.ro\/wp-content\/uploads\/2025\/02\/hero-viragvarazs.webp 1728w, https:\/\/magiaflorilor.ro\/wp-content\/uploads\/2025\/02\/hero-viragvarazs-300x149.webp 300w, https:\/\/magiaflorilor.ro\/wp-content\/uploads\/2025\/02\/hero-viragvarazs-1024x510.webp 1024w, https:\/\/magiaflorilor.ro\/wp-content\/uploads\/2025\/02\/hero-viragvarazs-768x382.webp 768w, https:\/\/magiaflorilor.ro\/wp-content\/uploads\/2025\/02\/hero-viragvarazs-1536x764.webp 1536w\" sizes=\"(max-width: 1728px) 100vw, 1728px\" \/><\/a><\/figure><div class=\"elementor-image-box-content\"><h3 class=\"elementor-image-box-title\"><a href=\"https:\/\/pescurt.ro\/stiri-diverse\/festivalul-magia-florilor-revine-la-targu-mures-ofera-instalatii-florale-si-ateliere-interactive\" target=\"_blank\" rel=\"nofollow noopener\">Festivalul Magia Florilor revine la T\u00e2rgu Mure\u0219; Ofer\u0103 instala\u021bii florale \u0219i ateliere interactive<\/a><\/h3><p class=\"elementor-image-box-description\">pescurt.ro<\/p><\/div><\/div>\t\t\t\t<\/div>\n\t\t\t\t<\/div>\n\t\t\t\t\t<\/div>\n\t\t\t\t<\/div>\n\t\t\t\t<\/div>\n\t\t\t\t<div data-elementor-type=\"loop-item\" data-elementor-id=\"1166\" class=\"elementor elementor-1166 e-loop-item e-loop-item-1240 post-1240 presa type-presa status-publish has-post-thumbnail hentry\" data-elementor-post-type=\"elementor_library\" data-custom-edit-handle=\"1\">\n\t\t\t<div class=\"elementor-element elementor-element-3d66722 e-flex e-con-boxed e-con e-parent\" data-id=\"3d66722\" data-element_type=\"container\">\n\t\t\t\t\t<div class=\"e-con-inner\">\n\t\t\t\t<div class=\"elementor-element elementor-element-8c0e3eb elementor-position-top elementor-widget elementor-widget-image-box\" data-id=\"8c0e3eb\" data-element_type=\"widget\" data-widget_type=\"image-box.default\">\n\t\t\t\t<div class=\"elementor-widget-container\">\n\t\t\t\t\t<div class=\"elementor-image-box-wrapper\"><figure class=\"elementor-image-box-img\"><a href=\"https:\/\/www.zi-de-zi.ro\/2025\/02\/19\/festivalul-magia-florilor-revine-la-targu-mures\/\" target=\"_blank\" rel=\"nofollow noopener\" tabindex=\"-1\"><img decoding=\"async\" width=\"959\" height=\"601\" src=\"https:\/\/magiaflorilor.ro\/wp-content\/uploads\/2025\/03\/zidezi.png\" class=\"attachment-full size-full wp-image-1242\" alt=\"\" srcset=\"https:\/\/magiaflorilor.ro\/wp-content\/uploads\/2025\/03\/zidezi.png 959w, https:\/\/magiaflorilor.ro\/wp-content\/uploads\/2025\/03\/zidezi-300x188.png 300w, https:\/\/magiaflorilor.ro\/wp-content\/uploads\/2025\/03\/zidezi-768x481.png 768w\" sizes=\"(max-width: 959px) 100vw, 959px\" \/><\/a><\/figure><div class=\"elementor-image-box-content\"><h3 class=\"elementor-image-box-title\"><a href=\"https:\/\/www.zi-de-zi.ro\/2025\/02\/19\/festivalul-magia-florilor-revine-la-targu-mures\/\" target=\"_blank\" rel=\"nofollow noopener\">Festivalul \u201dMagia Florilor\u201d revine la T\u00e2rgu Mure\u0219<\/a><\/h3><p class=\"elementor-image-box-description\">zi-de-zi.ro<\/p><\/div><\/div>\t\t\t\t<\/div>\n\t\t\t\t<\/div>\n\t\t\t\t\t<\/div>\n\t\t\t\t<\/div>\n\t\t\t\t<\/div>\n\t\t\t\t<div data-elementor-type=\"loop-item\" data-elementor-id=\"1166\" class=\"elementor elementor-1166 e-loop-item e-loop-item-1239 post-1239 presa type-presa status-publish has-post-thumbnail hentry\" data-elementor-post-type=\"elementor_library\" data-custom-edit-handle=\"1\">\n\t\t\t<div class=\"elementor-element elementor-element-3d66722 e-flex e-con-boxed e-con e-parent\" data-id=\"3d66722\" data-element_type=\"container\">\n\t\t\t\t\t<div class=\"e-con-inner\">\n\t\t\t\t<div class=\"elementor-element elementor-element-8c0e3eb elementor-position-top elementor-widget elementor-widget-image-box\" data-id=\"8c0e3eb\" data-element_type=\"widget\" data-widget_type=\"image-box.default\">\n\t\t\t\t<div class=\"elementor-widget-container\">\n\t\t\t\t\t<div class=\"elementor-image-box-wrapper\"><figure class=\"elementor-image-box-img\"><a href=\"https:\/\/allevents.in\/tirgu%20mures\/festivalul-magia-florilor-vir%C3%A1gvar%C3%A1zs-edi%C8%9Bia-a-ii-a-%E2%80%A2-t%C3%A2rgu-mure%C8%99\/200027878122337\" target=\"_blank\" rel=\"nofollow noopener\" tabindex=\"-1\"><img decoding=\"async\" width=\"1728\" height=\"860\" src=\"https:\/\/magiaflorilor.ro\/wp-content\/uploads\/2025\/02\/hero-viragvarazs.webp\" class=\"attachment-full size-full wp-image-148\" alt=\"\" srcset=\"https:\/\/magiaflorilor.ro\/wp-content\/uploads\/2025\/02\/hero-viragvarazs.webp 1728w, https:\/\/magiaflorilor.ro\/wp-content\/uploads\/2025\/02\/hero-viragvarazs-300x149.webp 300w, https:\/\/magiaflorilor.ro\/wp-content\/uploads\/2025\/02\/hero-viragvarazs-1024x510.webp 1024w, https:\/\/magiaflorilor.ro\/wp-content\/uploads\/2025\/02\/hero-viragvarazs-768x382.webp 768w, https:\/\/magiaflorilor.ro\/wp-content\/uploads\/2025\/02\/hero-viragvarazs-1536x764.webp 1536w\" sizes=\"(max-width: 1728px) 100vw, 1728px\" \/><\/a><\/figure><div class=\"elementor-image-box-content\"><h3 class=\"elementor-image-box-title\"><a href=\"https:\/\/allevents.in\/tirgu%20mures\/festivalul-magia-florilor-vir%C3%A1gvar%C3%A1zs-edi%C8%9Bia-a-ii-a-%E2%80%A2-t%C3%A2rgu-mure%C8%99\/200027878122337\" target=\"_blank\" rel=\"nofollow noopener\">Festivalul Magia Florilor &#8211; Vir\u00e1gvar\u00e1zs Edi\u021bia a II-a \u2022 T\u00e2rgu Mure\u0219<\/a><\/h3><p class=\"elementor-image-box-description\">allevents.in<\/p><\/div><\/div>\t\t\t\t<\/div>\n\t\t\t\t<\/div>\n\t\t\t\t\t<\/div>\n\t\t\t\t<\/div>\n\t\t\t\t<\/div>\n\t\t\t\t<div data-elementor-type=\"loop-item\" data-elementor-id=\"1166\" class=\"elementor elementor-1166 e-loop-item e-loop-item-1238 post-1238 presa type-presa status-publish has-post-thumbnail hentry\" data-elementor-post-type=\"elementor_library\" data-custom-edit-handle=\"1\">\n\t\t\t<div class=\"elementor-element elementor-element-3d66722 e-flex e-con-boxed e-con e-parent\" data-id=\"3d66722\" data-element_type=\"container\">\n\t\t\t\t\t<div class=\"e-con-inner\">\n\t\t\t\t<div class=\"elementor-element elementor-element-8c0e3eb elementor-position-top elementor-widget elementor-widget-image-box\" data-id=\"8c0e3eb\" data-element_type=\"widget\" data-widget_type=\"image-box.default\">\n\t\t\t\t<div class=\"elementor-widget-container\">\n\t\t\t\t\t<div class=\"elementor-image-box-wrapper\"><figure class=\"elementor-image-box-img\"><a href=\"https:\/\/erdelyfm.ro\/podcast\/elso-alkalommal-szervezik-meg-a-viragvarazs-fesztivalt-marosvasarhelyen\/\" target=\"_blank\" rel=\"nofollow noopener\" tabindex=\"-1\"><img loading=\"lazy\" decoding=\"async\" width=\"850\" height=\"479\" src=\"https:\/\/magiaflorilor.ro\/wp-content\/uploads\/2025\/03\/radiovacanta.webp\" class=\"attachment-full size-full wp-image-1216\" alt=\"\" srcset=\"https:\/\/magiaflorilor.ro\/wp-content\/uploads\/2025\/03\/radiovacanta.webp 850w, https:\/\/magiaflorilor.ro\/wp-content\/uploads\/2025\/03\/radiovacanta-300x169.webp 300w, https:\/\/magiaflorilor.ro\/wp-content\/uploads\/2025\/03\/radiovacanta-768x433.webp 768w\" sizes=\"(max-width: 850px) 100vw, 850px\" \/><\/a><\/figure><div class=\"elementor-image-box-content\"><h3 class=\"elementor-image-box-title\"><a href=\"https:\/\/erdelyfm.ro\/podcast\/elso-alkalommal-szervezik-meg-a-viragvarazs-fesztivalt-marosvasarhelyen\/\" target=\"_blank\" rel=\"nofollow noopener\">Els\u0151 alkalommal szervezik meg a Vir\u00e1gvar\u00e1zs Fesztiv\u00e1lt Marosv\u00e1s\u00e1rhelyen<\/a><\/h3><p class=\"elementor-image-box-description\">erdelyfm.ro<\/p><\/div><\/div>\t\t\t\t<\/div>\n\t\t\t\t<\/div>\n\t\t\t\t\t<\/div>\n\t\t\t\t<\/div>\n\t\t\t\t<\/div>\n\t\t\t\t<div data-elementor-type=\"loop-item\" data-elementor-id=\"1166\" class=\"elementor elementor-1166 e-loop-item e-loop-item-1236 post-1236 presa type-presa status-publish has-post-thumbnail hentry\" data-elementor-post-type=\"elementor_library\" data-custom-edit-handle=\"1\">\n\t\t\t<div class=\"elementor-element elementor-element-3d66722 e-flex e-con-boxed e-con e-parent\" data-id=\"3d66722\" data-element_type=\"container\">\n\t\t\t\t\t<div class=\"e-con-inner\">\n\t\t\t\t<div class=\"elementor-element elementor-element-8c0e3eb elementor-position-top elementor-widget elementor-widget-image-box\" data-id=\"8c0e3eb\" data-element_type=\"widget\" data-widget_type=\"image-box.default\">\n\t\t\t\t<div class=\"elementor-widget-container\">\n\t\t\t\t\t<div class=\"elementor-image-box-wrapper\"><figure class=\"elementor-image-box-img\"><a href=\"https:\/\/szekelyfold.ma\/szekelyfold\/szombat-delben-marosvasarhely-belvarosaban-tobb-viragauto-dobosok-es-hagyomanyorzo-neptancegyuttesek-vonultak-fel\" target=\"_blank\" rel=\"nofollow noopener\" tabindex=\"-1\"><img loading=\"lazy\" decoding=\"async\" width=\"1282\" height=\"648\" src=\"https:\/\/magiaflorilor.ro\/wp-content\/uploads\/2025\/03\/szekelyfoldma.webp\" class=\"attachment-full size-full wp-image-1237\" alt=\"\" srcset=\"https:\/\/magiaflorilor.ro\/wp-content\/uploads\/2025\/03\/szekelyfoldma.webp 1282w, https:\/\/magiaflorilor.ro\/wp-content\/uploads\/2025\/03\/szekelyfoldma-300x152.webp 300w, https:\/\/magiaflorilor.ro\/wp-content\/uploads\/2025\/03\/szekelyfoldma-1024x518.webp 1024w, https:\/\/magiaflorilor.ro\/wp-content\/uploads\/2025\/03\/szekelyfoldma-768x388.webp 768w\" sizes=\"(max-width: 1282px) 100vw, 1282px\" \/><\/a><\/figure><div class=\"elementor-image-box-content\"><h3 class=\"elementor-image-box-title\"><a href=\"https:\/\/szekelyfold.ma\/szekelyfold\/szombat-delben-marosvasarhely-belvarosaban-tobb-viragauto-dobosok-es-hagyomanyorzo-neptancegyuttesek-vonultak-fel\" target=\"_blank\" rel=\"nofollow noopener\">Szombat d\u00e9lben Marosv\u00e1s\u00e1rhely belv\u00e1ros\u00e1ban t\u00f6bb vir\u00e1gaut\u00f3, dobosok \u00e9s hagyom\u00e1ny\u0151rz\u0151 n\u00e9pt\u00e1ncegy\u00fcttesek vonultak fel<\/a><\/h3><p class=\"elementor-image-box-description\">szekelyfold.ma<\/p><\/div><\/div>\t\t\t\t<\/div>\n\t\t\t\t<\/div>\n\t\t\t\t\t<\/div>\n\t\t\t\t<\/div>\n\t\t\t\t<\/div>\n\t\t\t\t<\/div>\n\t\t\n\t\t\t\t\t\t<\/div>\n\t\t\t\t<\/div>\n\t\t\t\t\t<\/div>\n\t\t\t\t<\/div>\n\t\t\t\t<\/div>","protected":false},"excerpt":{"rendered":"<p>M\u00e9dia<\/p>","protected":false},"author":1,"featured_media":0,"parent":0,"menu_order":0,"comment_status":"closed","ping_status":"closed","template":"","meta":{"_acf_changed":false,"footnotes":""},"class_list":["post-1143","page","type-page","status-publish","hentry"],"acf":[],"_links":{"self":[{"href":"https:\/\/magiaflorilor.ro\/hu\/wp-json\/wp\/v2\/pages\/1143","targetHints":{"allow":["GET"]}}],"collection":[{"href":"https:\/\/magiaflorilor.ro\/hu\/wp-json\/wp\/v2\/pages"}],"about":[{"href":"https:\/\/magiaflorilor.ro\/hu\/wp-json\/wp\/v2\/types\/page"}],"author":[{"embeddable":true,"href":"https:\/\/magiaflorilor.ro\/hu\/wp-json\/wp\/v2\/users\/1"}],"replies":[{"embeddable":true,"href":"https:\/\/magiaflorilor.ro\/hu\/wp-json\/wp\/v2\/comments?post=1143"}],"version-history":[{"count":45,"href":"https:\/\/magiaflorilor.ro\/hu\/wp-json\/wp\/v2\/pages\/1143\/revisions"}],"predecessor-version":[{"id":2393,"href":"https:\/\/magiaflorilor.ro\/hu\/wp-json\/wp\/v2\/pages\/1143\/revisions\/2393"}],"wp:attachment":[{"href":"https:\/\/magiaflorilor.ro\/hu\/wp-json\/wp\/v2\/media?parent=1143"}],"curies":[{"name":"wp","href":"https:\/\/api.w.org\/{rel}","templated":true}]}}